{"id":396,"date":"2025-11-02T10:47:59","date_gmt":"2025-11-02T09:47:59","guid":{"rendered":"https:\/\/www.ekilisens.com\/index.php\/hygiene-energetique\/"},"modified":"2026-01-29T11:14:09","modified_gmt":"2026-01-29T10:14:09","slug":"hygiene-energetique","status":"publish","type":"page","link":"https:\/\/www.ekilisens.com\/index.php\/hygiene-energetique\/","title":{"rendered":"Hygi\u00e8ne \u00e9nerg\u00e9tique"},"content":{"rendered":"\n\n\n\n\n\n\n\n\n\n\n\n\n\n\n\n\n\n\n\n","protected":false},"excerpt":{"rendered":"","protected":false},"author":1,"featured_media":0,"parent":0,"menu_order":0,"comment_status":"closed","ping_status":"closed","template":"","meta":{"saved_in_kubio":true,"_seopress_robots_primary_cat":"","_seopress_titles_title":"","_seopress_titles_desc":"","_seopress_robots_index":"","_themeisle_gutenberg_block_has_review":false,"footnotes":""},"class_list":["post-396","page","type-page","status-publish","hentry"],"kubio_ai_page_context":{"short_desc":"","purpose":"general"},"_links":{"self":[{"href":"https:\/\/www.ekilisens.com\/index.php\/wp-json\/wp\/v2\/pages\/396","targetHints":{"allow":["GET"]}}],"collection":[{"href":"https:\/\/www.ekilisens.com\/index.php\/wp-json\/wp\/v2\/pages"}],"about":[{"href":"https:\/\/www.ekilisens.com\/index.php\/wp-json\/wp\/v2\/types\/page"}],"author":[{"embeddable":true,"href":"https:\/\/www.ekilisens.com\/index.php\/wp-json\/wp\/v2\/users\/1"}],"replies":[{"embeddable":true,"href":"https:\/\/www.ekilisens.com\/index.php\/wp-json\/wp\/v2\/comments?post=396"}],"version-history":[{"count":8,"href":"https:\/\/www.ekilisens.com\/index.php\/wp-json\/wp\/v2\/pages\/396\/revisions"}],"predecessor-version":[{"id":548,"href":"https:\/\/www.ekilisens.com\/index.php\/wp-json\/wp\/v2\/pages\/396\/revisions\/548"}],"wp:attachment":[{"href":"https:\/\/www.ekilisens.com\/index.php\/wp-json\/wp\/v2\/media?parent=396"}],"curies":[{"name":"wp","href":"https:\/\/api.w.org\/{rel}","templated":true}]}}