{"id":292,"date":"2025-10-30T21:15:16","date_gmt":"2025-10-30T20:15:16","guid":{"rendered":"https:\/\/www.ekilisens.com\/index.php\/front_page\/"},"modified":"2026-01-29T14:01:29","modified_gmt":"2026-01-29T13:01:29","slug":"front_page","status":"publish","type":"page","link":"https:\/\/www.ekilisens.com\/","title":{"rendered":"Accueil"},"content":{"rendered":"\n\n\n\n\n\n\n\n\n\n\n\n\n\n\n\n\n<ul class=\"wp-block-list\">\n<li style=\"font-size:1em\">la <strong>disparition de sch\u00e9mas r\u00e9p\u00e9titifs<\/strong>, personnels ou professionnels,<\/li>\n\n\n\n<li>un <strong>retour de l\u2019\u00e9nergie<\/strong>, plus stable et fluide,<\/li>\n\n\n\n<li>une <strong>clart\u00e9 int\u00e9rieure nouvelle<\/strong> pour poser des choix justes,<\/li>\n\n\n\n<li>une <strong>stabilit\u00e9 \u00e9motionnelle<\/strong> renforc\u00e9e, avec moins de r\u00e9activit\u00e9,<\/li>\n\n\n\n<li>une <strong>connexion retrouv\u00e9e \u00e0 leur intuition et leur guidance int\u00e9rieure<\/strong>,<\/li>\n\n\n\n<li>un <strong>sommeil plus apais\u00e9<\/strong> et une <strong>charge mentale all\u00e9g\u00e9e<\/strong>,<\/li>\n\n\n\n<li>une <strong>autonomie \u00e9motionnelle et \u00e9nerg\u00e9tique<\/strong> durable,<\/li>\n\n\n\n<li>le <strong>sentiment d\u2019avoir repris leur place, leur authenticit\u00e9, leur pouvoir et leur libert\u00e9 d\u2019\u00eatre<\/strong>,<\/li>\n\n\n\n<li>une <strong>estime de soi <\/strong>et une <strong>confiance en soi <\/strong>retrouv\u00e9es<\/li>\n\n\n\n<li>une <strong>l\u00e9g\u00e8ret\u00e9<\/strong> au quotidien<\/li>\n\n\n\n<li>cette impression de <strong>ne plus subir <\/strong><\/li>\n\n\n\n<li>cette capacit\u00e9 \u00e0 <strong>surmonter<\/strong> chaque obstacle de la vie avec r\u00e9silience<\/li>\n\n\n\n<li>et&#8230; <strong>tellement<\/strong> d&rsquo;autres bienfaits<\/li>\n<\/ul>\n\n\n\n\n\n\n\n\n\n\n\n\n\n\n\n\n\n\n\n\n\n\n","protected":false},"excerpt":{"rendered":"","protected":false},"author":1,"featured_media":0,"parent":0,"menu_order":0,"comment_status":"closed","ping_status":"closed","template":"","meta":{"saved_in_kubio":true,"_seopress_robots_primary_cat":"","_seopress_titles_title":"","_seopress_titles_desc":"","_seopress_robots_index":"","_themeisle_gutenberg_block_has_review":false,"footnotes":""},"class_list":["post-292","page","type-page","status-publish","hentry"],"kubio_ai_page_context":{"short_desc":"","purpose":"general"},"_links":{"self":[{"href":"https:\/\/www.ekilisens.com\/index.php\/wp-json\/wp\/v2\/pages\/292","targetHints":{"allow":["GET"]}}],"collection":[{"href":"https:\/\/www.ekilisens.com\/index.php\/wp-json\/wp\/v2\/pages"}],"about":[{"href":"https:\/\/www.ekilisens.com\/index.php\/wp-json\/wp\/v2\/types\/page"}],"author":[{"embeddable":true,"href":"https:\/\/www.ekilisens.com\/index.php\/wp-json\/wp\/v2\/users\/1"}],"replies":[{"embeddable":true,"href":"https:\/\/www.ekilisens.com\/index.php\/wp-json\/wp\/v2\/comments?post=292"}],"version-history":[{"count":29,"href":"https:\/\/www.ekilisens.com\/index.php\/wp-json\/wp\/v2\/pages\/292\/revisions"}],"predecessor-version":[{"id":593,"href":"https:\/\/www.ekilisens.com\/index.php\/wp-json\/wp\/v2\/pages\/292\/revisions\/593"}],"wp:attachment":[{"href":"https:\/\/www.ekilisens.com\/index.php\/wp-json\/wp\/v2\/media?parent=292"}],"curies":[{"name":"wp","href":"https:\/\/api.w.org\/{rel}","templated":true}]}}